{"id":1895,"date":"2022-07-06T19:22:40","date_gmt":"2022-07-06T17:22:40","guid":{"rendered":"https:\/\/www.getech.it\/faq\/"},"modified":"2022-07-06T19:33:54","modified_gmt":"2022-07-06T17:33:54","slug":"faq","status":"publish","type":"page","link":"https:\/\/www.getech.it\/de\/faq\/","title":{"rendered":"FAQ"},"content":{"rendered":"<div id='av-layout-grid-1'  class='av-layout-grid-container av-2l25i9-ffdc18ced515deb11de02de616befc0a entry-content-wrapper main_color av-fixed-cells  avia-builder-el-0  el_before_av_layout_row  avia-builder-el-first   container_wrap fullsize'  >\n\n<style type=\"text\/css\" data-created_by=\"avia_inline_auto\" id=\"style-css-av-2cvull-c24b08c926a2ba19720ed4f26342b85f\">\n.flex_cell.av-2cvull-c24b08c926a2ba19720ed4f26342b85f{\nvertical-align:top;\nheight:15px;\nmin-height:15px;\nbackground-color:#487169;\n}\n.responsive #top #wrap_all .flex_cell.av-2cvull-c24b08c926a2ba19720ed4f26342b85f{\npadding:0px 0px 0px 0px !important;\n}\n<\/style>\n<div class='flex_cell av-2cvull-c24b08c926a2ba19720ed4f26342b85f av-gridrow-cell av_one_fourth no_margin  avia-builder-el-1  el_before_av_cell_one_fourth  avia-builder-el-first  content-align-top av-zero-padding'  ><div class='flex_cell_inner'><\/div><\/div>\n<style type=\"text\/css\" data-created_by=\"avia_inline_auto\" id=\"style-css-av-8aryx-169af081d578caa66b0b8895a683c63b\">\n.flex_cell.av-8aryx-169af081d578caa66b0b8895a683c63b{\nvertical-align:top;\nheight:15px;\nmin-height:15px;\nbackground-color:#5b877e;\n}\n.responsive #top #wrap_all .flex_cell.av-8aryx-169af081d578caa66b0b8895a683c63b{\npadding:0px 0px 0px 0px !important;\n}\n<\/style>\n<div class='flex_cell av-8aryx-169af081d578caa66b0b8895a683c63b av-gridrow-cell av_one_fourth no_margin  avia-builder-el-2  el_after_av_cell_one_fourth  el_before_av_cell_one_fourth  content-align-top av-zero-padding'  ><div class='flex_cell_inner'><\/div><\/div>\n<style type=\"text\/css\" data-created_by=\"avia_inline_auto\" id=\"style-css-av-259prt-3f7e897a69312b5d885f517db89529eb\">\n.flex_cell.av-259prt-3f7e897a69312b5d885f517db89529eb{\nvertical-align:top;\nheight:15px;\nmin-height:15px;\nbackground-color:#679a8d;\n}\n.responsive #top #wrap_all .flex_cell.av-259prt-3f7e897a69312b5d885f517db89529eb{\npadding:0px 0px 0px 0px !important;\n}\n<\/style>\n<div class='flex_cell av-259prt-3f7e897a69312b5d885f517db89529eb av-gridrow-cell av_one_fourth no_margin  avia-builder-el-3  el_after_av_cell_one_fourth  el_before_av_cell_one_fourth  content-align-top av-zero-padding'  ><div class='flex_cell_inner'><\/div><\/div>\n<style type=\"text\/css\" data-created_by=\"avia_inline_auto\" id=\"style-css-av-1yiykp-75426125bdaab4d6be30f51d260262d8\">\n.flex_cell.av-1yiykp-75426125bdaab4d6be30f51d260262d8{\nvertical-align:top;\nheight:15px;\nmin-height:15px;\nbackground-color:#92aea7;\n}\n.responsive #top #wrap_all .flex_cell.av-1yiykp-75426125bdaab4d6be30f51d260262d8{\npadding:0px 0px 0px 0px !important;\n}\n<\/style>\n<div class='flex_cell av-1yiykp-75426125bdaab4d6be30f51d260262d8 av-gridrow-cell av_one_fourth no_margin  avia-builder-el-4  el_after_av_cell_one_fourth  avia-builder-el-last  content-align-top av-zero-padding'  ><div class='flex_cell_inner'><\/div><\/div>\n<\/div>\n<div id='features'  class='av-layout-grid-container av-1q8r8h-a8ddca8bd8a56e8b2f8168000863f107 entry-content-wrapper main_color av-flex-cells  avia-builder-el-5  el_after_av_layout_row  el_before_av_layout_row  grid-row-not-first  container_wrap fullsize'  >\n\n<style type=\"text\/css\" data-created_by=\"avia_inline_auto\" id=\"style-css-av-krgjfn1z-794e73bfc197306983fb55bfdf8a5035\">\n.flex_cell.av-krgjfn1z-794e73bfc197306983fb55bfdf8a5035{\nvertical-align:middle;\nheight:250px;\nmin-height:250px;\nbackground:url(https:\/\/www.getech.it\/wp-content\/uploads\/2021\/05\/Getech_FANGHI.jpg) 50% 50% no-repeat scroll ;\n}\n.responsive #top #wrap_all .flex_cell.av-krgjfn1z-794e73bfc197306983fb55bfdf8a5035{\npadding:80px 80px 80px 80px !important;\n}\n<\/style>\n<div class='flex_cell av-krgjfn1z-794e73bfc197306983fb55bfdf8a5035 av-gridrow-cell av_one_half no_margin  avia-builder-el-6  el_before_av_cell_one_half  avia-builder-el-first  content-align-middle avia-full-stretch'  ><div class='flex_cell_inner'><\/div><\/div>\n<style type=\"text\/css\" data-created_by=\"avia_inline_auto\" id=\"style-css-av-1lerch-1543de0c278e4a7d5fe0853a9ee05f03\">\n.flex_cell.av-1lerch-1543de0c278e4a7d5fe0853a9ee05f03{\nvertical-align:middle;\nheight:250px;\nmin-height:250px;\nbackground-color:#f4f4f4;\n}\n.responsive #top #wrap_all .flex_cell.av-1lerch-1543de0c278e4a7d5fe0853a9ee05f03{\npadding:80px 80px 80px 80px !important;\n}\n<\/style>\n<div class='flex_cell av-1lerch-1543de0c278e4a7d5fe0853a9ee05f03 av-gridrow-cell av_one_half no_margin  avia-builder-el-7  el_after_av_cell_one_half  avia-builder-el-last  content-align-middle'  ><div class='flex_cell_inner'>\n<style type=\"text\/css\" data-created_by=\"avia_inline_auto\" id=\"style-css-av-1derah-5dcae52a78784b40ec5ea62826be1ea2\">\n.flex_column.av-1derah-5dcae52a78784b40ec5ea62826be1ea2{\nborder-radius:0px 0px 0px 0px;\npadding:0px 0px 0px 0px;\n}\n<\/style>\n<div  class='flex_column av-1derah-5dcae52a78784b40ec5ea62826be1ea2 av_one_full  avia-builder-el-8  avia-builder-el-no-sibling  first flex_column_div av-animated-generic right-to-left av-zero-column-padding  '     ><p>\n<style type=\"text\/css\" data-created_by=\"avia_inline_auto\" id=\"style-css-av-krgj7uvi-206994c8b9d415e7714ab1e7f1077329\">\n#top .av-special-heading.av-krgj7uvi-206994c8b9d415e7714ab1e7f1077329{\npadding-bottom:0;\nfont-size:40px;\n}\nbody .av-special-heading.av-krgj7uvi-206994c8b9d415e7714ab1e7f1077329 .av-special-heading-tag .heading-char{\nfont-size:25px;\n}\n#top #wrap_all .av-special-heading.av-krgj7uvi-206994c8b9d415e7714ab1e7f1077329 .av-special-heading-tag{\nfont-size:40px;\n}\n.av-special-heading.av-krgj7uvi-206994c8b9d415e7714ab1e7f1077329 .av-subheading{\nfont-size:15px;\n}\n\n@media only screen and (min-width: 480px) and (max-width: 767px){ \n#top #wrap_all .av-special-heading.av-krgj7uvi-206994c8b9d415e7714ab1e7f1077329 .av-special-heading-tag{\nfont-size:0.8em;\n}\n}\n\n@media only screen and (max-width: 479px){ \n#top #wrap_all .av-special-heading.av-krgj7uvi-206994c8b9d415e7714ab1e7f1077329 .av-special-heading-tag{\nfont-size:0.8em;\n}\n}\n<\/style>\n<div  class='av-special-heading av-krgj7uvi-206994c8b9d415e7714ab1e7f1077329 av-special-heading-h3 custom-color-heading blockquote modern-quote  avia-builder-el-9  el_before_av_hr  avia-builder-el-first  av-inherit-size'><h3 class='av-special-heading-tag '  itemprop=\"headline\"  >FAQ<\/h3><div class=\"special-heading-border\"><div class=\"special-heading-inner-border\"><\/div><\/div><\/div><br \/>\n\n<style type=\"text\/css\" data-created_by=\"avia_inline_auto\" id=\"style-css-av-1ajj8p-309f485672ad0731fcd77f4b9d2d21f4\">\n#top .hr.av-1ajj8p-309f485672ad0731fcd77f4b9d2d21f4{\nmargin-top:30px;\nmargin-bottom:30px;\n}\n.hr.av-1ajj8p-309f485672ad0731fcd77f4b9d2d21f4 .hr-inner{\nwidth:50px;\nborder-color:#000000;\n}\n<\/style>\n<div  class='hr av-1ajj8p-309f485672ad0731fcd77f4b9d2d21f4 hr-custom  avia-builder-el-10  el_after_av_heading  el_before_av_toggle_container  hr-left hr-icon-no'><span class='hr-inner inner-border-av-border-fat'><span class=\"hr-inner-style\"><\/span><\/span><\/div><br \/>\n<div  class='togglecontainer av-krgjent7-f994e73d441e752970ab107a463ebd24  avia-builder-el-11  el_after_av_hr  avia-builder-el-last  toggle_close_all' >\n<section class='av_toggle_section av-krgj946u-93406e22155b19b8e2db84f933d09348'  itemscope=\"itemscope\" itemtype=\"https:\/\/schema.org\/CreativeWork\" ><div role=\"tablist\" class=\"single_toggle\" data-tags=\"{Alle} \"  ><p id='toggle-toggle-id-1' data-fake-id='#toggle-id-1' class='toggler  av-title-above '  itemprop=\"headline\"  role='tab' tabindex='0' aria-controls='toggle-id-1' data-slide-speed=\"200\" data-title=\"Wann verwendet man eine Dekanterzentrifuge?\" data-title-open=\"\" data-aria_collapsed=\"Click to expand: Wann verwendet man eine Dekanterzentrifuge?\" data-aria_expanded=\"Click to collapse: Wann verwendet man eine Dekanterzentrifuge?\">Wann verwendet man eine Dekanterzentrifuge?<span class=\"toggle_icon\"><span class=\"vert_icon\"><\/span><span class=\"hor_icon\"><\/span><\/span><\/p><div id='toggle-id-1' aria-labelledby='toggle-toggle-id-1' role='region' class='toggle_wrap  av-title-above'  ><div class='toggle_content invers-color '  itemprop=\"text\" ><p>Die Dekanterzentrifuge wird verwendet, um Suspensionen in einen Feststoffteil und einen Fl\u00fcssigkeitsteil zu trennen. Die Suspensionsbehandlungs- und Entsorgungsanlagen erzeugen einen Restr\u00fcckstand \u00fcber verschiedene Prozessstufen (Ausgleich, Neutralisierung, Gerinnung, Sedimentation, Flotation, biologische Behandlung etc.). Der Restanteil wird f\u00fcr gew\u00f6hnlich einer Reihe weiterer Behandlungen vor der endg\u00fcltigen Entsorgung unterzogen. Bei einem dieser Vorg\u00e4nge, Verdichtung oder Entw\u00e4sserung, wird die Dekanterzentrifuge verwendet.<\/p>\n<\/div><\/div><\/div><\/section>\n<section class='av_toggle_section av-krgj9m42-898c5a598b2083f930c6e9af52bfe4e5'  itemscope=\"itemscope\" itemtype=\"https:\/\/schema.org\/CreativeWork\" ><div role=\"tablist\" class=\"single_toggle\" data-tags=\"{Alle} \"  ><p id='toggle-toggle-id-2' data-fake-id='#toggle-id-2' class='toggler  av-title-above '  itemprop=\"headline\"  role='tab' tabindex='0' aria-controls='toggle-id-2' data-slide-speed=\"200\" data-title=\"Was bedeutet Vorverdichtung oder Entw\u00e4sserung?\" data-title-open=\"\" data-aria_collapsed=\"Click to expand: Was bedeutet Vorverdichtung oder Entw\u00e4sserung?\" data-aria_expanded=\"Click to collapse: Was bedeutet Vorverdichtung oder Entw\u00e4sserung?\">Was bedeutet Vorverdichtung oder Entw\u00e4sserung?<span class=\"toggle_icon\"><span class=\"vert_icon\"><\/span><span class=\"hor_icon\"><\/span><\/span><\/p><div id='toggle-id-2' aria-labelledby='toggle-toggle-id-2' role='region' class='toggle_wrap  av-title-above'  ><div class='toggle_content invers-color '  itemprop=\"text\" ><p>Es sind Verfahren, durch die Abwassersuspension erzeugt wird (Auslasssuspension), was konzentrierter als das Einflussmaterial (Eingangssuspension) ist.<\/p>\n<\/div><\/div><\/div><\/section>\n<section class='av_toggle_section av-krgj9m42-1bb4df1bc34ef30c39aa2b8697b3c6f8'  itemscope=\"itemscope\" itemtype=\"https:\/\/schema.org\/CreativeWork\" ><div role=\"tablist\" class=\"single_toggle\" data-tags=\"{Alle} \"  ><p id='toggle-toggle-id-3' data-fake-id='#toggle-id-3' class='toggler  av-title-above '  itemprop=\"headline\"  role='tab' tabindex='0' aria-controls='toggle-id-3' data-slide-speed=\"200\" data-title=\"Weshalb werden die Maschinen Dekanter genannt?\" data-title-open=\"\" data-aria_collapsed=\"Click to expand: Weshalb werden die Maschinen Dekanter genannt?\" data-aria_expanded=\"Click to collapse: Weshalb werden die Maschinen Dekanter genannt?\">Weshalb werden die Maschinen Dekanter genannt?<span class=\"toggle_icon\"><span class=\"vert_icon\"><\/span><span class=\"hor_icon\"><\/span><\/span><\/p><div id='toggle-id-3' aria-labelledby='toggle-toggle-id-3' role='region' class='toggle_wrap  av-title-above'  ><div class='toggle_content invers-color '  itemprop=\"text\" ><p>Die Bezeichnung kommt vom Wort DEKANTIERUNG, was so viel wie Kl\u00e4rung einer Fl\u00fcssigkeit bedeutet, die durch die Trennung von gel\u00f6sten Partikeln (Sedimentation) erhalten wird.<\/p>\n<\/div><\/div><\/div><\/section>\n<section class='av_toggle_section av-krgj9m42-02209ef7c5ce930d3b2b8db6ded123ad'  itemscope=\"itemscope\" itemtype=\"https:\/\/schema.org\/CreativeWork\" ><div role=\"tablist\" class=\"single_toggle\" data-tags=\"{Alle} \"  ><p id='toggle-toggle-id-4' data-fake-id='#toggle-id-4' class='toggler  av-title-above '  itemprop=\"headline\"  role='tab' tabindex='0' aria-controls='toggle-id-4' data-slide-speed=\"200\" data-title=\"Was ist Sedimentation?\" data-title-open=\"\" data-aria_collapsed=\"Click to expand: Was ist Sedimentation?\" data-aria_expanded=\"Click to collapse: Was ist Sedimentation?\">Was ist Sedimentation?<span class=\"toggle_icon\"><span class=\"vert_icon\"><\/span><span class=\"hor_icon\"><\/span><\/span><\/p><div id='toggle-id-4' aria-labelledby='toggle-toggle-id-4' role='region' class='toggle_wrap  av-title-above'  ><div class='toggle_content invers-color '  itemprop=\"text\" ><p>Dies ist ein Verfahren, bei dem Feststoffpartikel in einer Fl\u00fcssigkeit der Schwerkraft ausgesetzt werden und sich am Boden absetzen und sich so von der Fl\u00fcssigkeit selbst trennen. In einigen F\u00e4llen (biologische Fl\u00fcssigkeiten) w\u00fcrde eine spontane Sedimentation zu lange dauern und einige Partikel w\u00fcrden Jahre f\u00fcr einen Sedimentationsprozess ben\u00f6tigen. In diesen F\u00e4llen wird die Zentrifugierung verwendet.<\/p>\n<\/div><\/div><\/div><\/section>\n<section class='av_toggle_section av-krgj9m42-e98545164704cbdc020fde0f91e97678'  itemscope=\"itemscope\" itemtype=\"https:\/\/schema.org\/CreativeWork\" ><div role=\"tablist\" class=\"single_toggle\" data-tags=\"{Alle} \"  ><p id='toggle-toggle-id-5' data-fake-id='#toggle-id-5' class='toggler  av-title-above '  itemprop=\"headline\"  role='tab' tabindex='0' aria-controls='toggle-id-5' data-slide-speed=\"200\" data-title=\"Was ist Zentrifugierung?\" data-title-open=\"\" data-aria_collapsed=\"Click to expand: Was ist Zentrifugierung?\" data-aria_expanded=\"Click to collapse: Was ist Zentrifugierung?\">Was ist Zentrifugierung?<span class=\"toggle_icon\"><span class=\"vert_icon\"><\/span><span class=\"hor_icon\"><\/span><\/span><\/p><div id='toggle-id-5' aria-labelledby='toggle-toggle-id-5' role='region' class='toggle_wrap  av-title-above'  ><div class='toggle_content invers-color '  itemprop=\"text\" ><p>Durch die Zentrifugierung ist es m\u00f6glich, eine erh\u00f6hte Schwerkraft zur Erde zu erzeugen und somit den Sedimentationsprozess zu beschleunigen. Der Container des zu behandelnden Produkts dreht sich. Die L\u00f6sung ist somit einer k\u00fcnstlichen Schwerkraft ausgesetzt (Zentrifugalkraft), die proportional zum Abstand vom Rotationsmittelpunkt und zum Quadrat der Rotationsgeschwindigkeit einwirkt.<\/p>\n<\/div><\/div><\/div><\/section>\n<section class='av_toggle_section av-krgj9m42-6fec8467663a20dc2f6cbd79c58d0b60'  itemscope=\"itemscope\" itemtype=\"https:\/\/schema.org\/CreativeWork\" ><div role=\"tablist\" class=\"single_toggle\" data-tags=\"{Alle} \"  ><p id='toggle-toggle-id-6' data-fake-id='#toggle-id-6' class='toggler  av-title-above '  itemprop=\"headline\"  role='tab' tabindex='0' aria-controls='toggle-id-6' data-slide-speed=\"200\" data-title=\"Wie funktioniert Zentrifugierung?\" data-title-open=\"\" data-aria_collapsed=\"Click to expand: Wie funktioniert Zentrifugierung?\" data-aria_expanded=\"Click to collapse: Wie funktioniert Zentrifugierung?\">Wie funktioniert Zentrifugierung?<span class=\"toggle_icon\"><span class=\"vert_icon\"><\/span><span class=\"hor_icon\"><\/span><\/span><\/p><div id='toggle-id-6' aria-labelledby='toggle-toggle-id-6' role='region' class='toggle_wrap  av-title-above'  ><div class='toggle_content invers-color '  itemprop=\"text\" ><p>Die Dekanterzentrifuge besteht aus einer zylinderf\u00f6rmigen, konischen Trommel und hat einen Wurmschraubenmechanismus f\u00fcr die Entfernung der Suspension. Die Suspension wird in das Ger\u00e4t durch die schraubenf\u00f6rmige Achse eingef\u00fchrt. Die auftretende Zentrifugalkraft, die durch die Trommelrotation erzeugt wird, dr\u00fcckt die Suspension gegen die W\u00e4nde des Containers, und die Drehbewegung der Wurmschraube, die sich geringf\u00fcgig langsamer dreht, l\u00e4sst die kompakte Suspension entlang des Containers und in Richtung des konischen Abschnitts wandern, von wo es extrahiert wird.<\/p>\n<\/div><\/div><\/div><\/section>\n<section class='av_toggle_section av-krgj9m42-ad2fd2c6f6dd3692925e7a81dc5abd55'  itemscope=\"itemscope\" itemtype=\"https:\/\/schema.org\/CreativeWork\" ><div role=\"tablist\" class=\"single_toggle\" data-tags=\"{Alle} \"  ><p id='toggle-toggle-id-7' data-fake-id='#toggle-id-7' class='toggler  av-title-above '  itemprop=\"headline\"  role='tab' tabindex='0' aria-controls='toggle-id-7' data-slide-speed=\"200\" data-title=\"Von was h\u00e4ngt die Leistung der Dekanterzentrifuge ab?\" data-title-open=\"\" data-aria_collapsed=\"Click to expand: Von was h\u00e4ngt die Leistung der Dekanterzentrifuge ab?\" data-aria_expanded=\"Click to collapse: Von was h\u00e4ngt die Leistung der Dekanterzentrifuge ab?\">Von was h\u00e4ngt die Leistung der Dekanterzentrifuge ab?<span class=\"toggle_icon\"><span class=\"vert_icon\"><\/span><span class=\"hor_icon\"><\/span><\/span><\/p><div id='toggle-id-7' aria-labelledby='toggle-toggle-id-7' role='region' class='toggle_wrap  av-title-above'  ><div class='toggle_content invers-color '  itemprop=\"text\" ><p>Der Ertrag wird durch die Konstruktion der Dekanterzentrifuge selbst und die zus\u00e4tzlichen Prozessparameter beeinflusst. Konstruktionsvariablen sind Rotationsgeschwindigkeit, verf\u00fcgbares Volumen und Suspensionsexktraktionsgeschwindigkeit. Prozessvariablen sind Produktzufuhrgeschwindigkeit, Eigenschaften der Feststoffe, Dosierung von chemischen Zus\u00e4tzen (Polyelektrolyt f\u00fcr den Umweltsektor und Gesteinsmehl f\u00fcr den Lebensmittelsektor) sowie Betriebstemperatur.<\/p>\n<\/div><\/div><\/div><\/section>\n<section class='av_toggle_section av-krgj9m42-9d209c94b9628fa14326afa0658f2652'  itemscope=\"itemscope\" itemtype=\"https:\/\/schema.org\/CreativeWork\" ><div role=\"tablist\" class=\"single_toggle\" data-tags=\"{Alle} \"  ><p id='toggle-toggle-id-8' data-fake-id='#toggle-id-8' class='toggler  av-title-above '  itemprop=\"headline\"  role='tab' tabindex='0' aria-controls='toggle-id-8' data-slide-speed=\"200\" data-title=\"Wie beeinflusst die Zufuhrrate den Ertrag?\" data-title-open=\"\" data-aria_collapsed=\"Click to expand: Wie beeinflusst die Zufuhrrate den Ertrag?\" data-aria_expanded=\"Click to collapse: Wie beeinflusst die Zufuhrrate den Ertrag?\">Wie beeinflusst die Zufuhrrate den Ertrag?<span class=\"toggle_icon\"><span class=\"vert_icon\"><\/span><span class=\"hor_icon\"><\/span><\/span><\/p><div id='toggle-id-8' aria-labelledby='toggle-toggle-id-8' role='region' class='toggle_wrap  av-title-above'  ><div class='toggle_content invers-color '  itemprop=\"text\" ><p>Durch Erh\u00f6hung der Zufuhrdurchflussrate in einer Dekanterzentrifuge wird die Haltezeit verringert (Produkterhalt in der Dekanterzentrifuge) und verringert die Gewinnung von Feststoffen.<\/p>\n<\/div><\/div><\/div><\/section>\n<section class='av_toggle_section av-krgj9m42-9aea850bd0d54beb11ac13d78cc7207e'  itemscope=\"itemscope\" itemtype=\"https:\/\/schema.org\/CreativeWork\" ><div role=\"tablist\" class=\"single_toggle\" data-tags=\"{Alle} \"  ><p id='toggle-toggle-id-9' data-fake-id='#toggle-id-9' class='toggler  av-title-above '  itemprop=\"headline\"  role='tab' tabindex='0' aria-controls='toggle-id-9' data-slide-speed=\"200\" data-title=\"F\u00fcr was wird Polymer und Gesteinsmehl verwendet?\" data-title-open=\"\" data-aria_collapsed=\"Click to expand: F\u00fcr was wird Polymer und Gesteinsmehl verwendet?\" data-aria_expanded=\"Click to collapse: F\u00fcr was wird Polymer und Gesteinsmehl verwendet?\">F\u00fcr was wird Polymer und Gesteinsmehl verwendet?<span class=\"toggle_icon\"><span class=\"vert_icon\"><\/span><span class=\"hor_icon\"><\/span><\/span><\/p><div id='toggle-id-9' aria-labelledby='toggle-toggle-id-9' role='region' class='toggle_wrap  av-title-above'  ><div class='toggle_content invers-color '  itemprop=\"text\" ><p>Das Polyelektrolyt erh\u00f6ht die strukturelle Widerstandsf\u00e4higkeit der Feststoffe und verursacht die Bildung von Flocken, auch bei kleinsten Partikeln. Das Gesteinsmehl (Lebensmittelsektor) erm\u00f6glicht die Ablagerung der Feststoffe. Die Verwendung dieser Substanzen erm\u00f6glicht eine leichtere Trennung und erh\u00f6ht die R\u00fcckgewinnung der Feststoffe.<\/p>\n<\/div><\/div><\/div><\/section>\n<section class='av_toggle_section av-krgj9m42-850377b21192f202fa7c745e9b306c68'  itemscope=\"itemscope\" itemtype=\"https:\/\/schema.org\/CreativeWork\" ><div role=\"tablist\" class=\"single_toggle\" data-tags=\"{Alle} \"  ><p id='toggle-toggle-id-10' data-fake-id='#toggle-id-10' class='toggler  av-title-above '  itemprop=\"headline\"  role='tab' tabindex='0' aria-controls='toggle-id-10' data-slide-speed=\"200\" data-title=\"Was ist ein Inverter?\" data-title-open=\"\" data-aria_collapsed=\"Click to expand: Was ist ein Inverter?\" data-aria_expanded=\"Click to collapse: Was ist ein Inverter?\">Was ist ein Inverter?<span class=\"toggle_icon\"><span class=\"vert_icon\"><\/span><span class=\"hor_icon\"><\/span><\/span><\/p><div id='toggle-id-10' aria-labelledby='toggle-toggle-id-10' role='region' class='toggle_wrap  av-title-above'  ><div class='toggle_content invers-color '  itemprop=\"text\" ><p>Es ist eine elektronische Vorrichtung, die ein dreiphasiges Signal erzeugt, dass f\u00fcr den Start des Elektromotors genutzt wird.<\/p>\n<\/div><\/div><\/div><\/section>\n<section class='av_toggle_section av-krgj9m42-1ea1edcffe96b829f48dd2e115ac21eb'  itemscope=\"itemscope\" itemtype=\"https:\/\/schema.org\/CreativeWork\" ><div role=\"tablist\" class=\"single_toggle\" data-tags=\"{Alle} \"  ><p id='toggle-toggle-id-11' data-fake-id='#toggle-id-11' class='toggler  av-title-above '  itemprop=\"headline\"  role='tab' tabindex='0' aria-controls='toggle-id-11' data-slide-speed=\"200\" data-title=\"Was sind die Vorteile einer Dekanterzentrifuge im Vergleich zu einer Filterpresse?\" data-title-open=\"\" data-aria_collapsed=\"Click to expand: Was sind die Vorteile einer Dekanterzentrifuge im Vergleich zu einer Filterpresse?\" data-aria_expanded=\"Click to collapse: Was sind die Vorteile einer Dekanterzentrifuge im Vergleich zu einer Filterpresse?\">Was sind die Vorteile einer Dekanterzentrifuge im Vergleich zu einer Filterpresse?<span class=\"toggle_icon\"><span class=\"vert_icon\"><\/span><span class=\"hor_icon\"><\/span><\/span><\/p><div id='toggle-id-11' aria-labelledby='toggle-toggle-id-11' role='region' class='toggle_wrap  av-title-above'  ><div class='toggle_content invers-color '  itemprop=\"text\" ><p>Die Dekanterzentrifuge funktioniert im geschlossenen und kontinuierlichen Kreislauf. Das zu behandelnde Produkt wird in die Dekanterzentrifuge \u00fcber ein Zuf\u00fchrrohr zugef\u00fchrt und die Feststoffe und Fl\u00fcssigkeit werden \u00fcber Rohre und die Entleerungsschraube entleert. Somit bleibt die Arbeitsumgebung sauber und wird nicht durch Reststoffe und Ger\u00fcche der Suspensionen verunreinigt. Des Weiteren werden Stillstandszeiten der Filterpresse eliminiert, die f\u00fcr das Entladen und Reinigen notwendig sind. Die Dekanterzentrifuge ist im Verh\u00e4ltnis zum Volumen der zu behandelnden Suspension sehr kompakt und platzsparend und nimmt viel weniger Platz ein als eine Filterpresse mit gleicher Durchflussrate. Um einen guten Betrieb der Dekanterzentrifuge zu gew\u00e4hrleisten, muss es nur zu regelm\u00e4\u00dfigen Intervallen gereinigt und gewartet werden (z. B. Einfetten der Lager). Somit werden gro\u00dfe Verbrauchsmaterialmengen, wie Filter und T\u00fccher, die eine Filterpresse ben\u00f6tigt, eingespart.<\/p>\n<\/div><\/div><\/div><\/section>\n<\/div><\/p><\/div>\n<\/div><\/div><\/div><div id='av-layout-grid-3'  class='av-layout-grid-container av-xvaux-7bfd4ee8b4e5af9b9fdddd78e0f98f66 entry-content-wrapper main_color av-fixed-cells  avia-builder-el-12  el_after_av_layout_row  avia-builder-el-last  grid-row-not-first  container_wrap fullsize'  >\n\n<style type=\"text\/css\" data-created_by=\"avia_inline_auto\" id=\"style-css-av-okuqh-4bbe2f8ddf4ded7fff0f761e71239cb7\">\n.flex_cell.av-okuqh-4bbe2f8ddf4ded7fff0f761e71239cb7{\nvertical-align:top;\nheight:15px;\nmin-height:15px;\nbackground-color:#487169;\n}\n.responsive #top #wrap_all .flex_cell.av-okuqh-4bbe2f8ddf4ded7fff0f761e71239cb7{\npadding:0px 0px 0px 0px !important;\n}\n<\/style>\n<div class='flex_cell av-okuqh-4bbe2f8ddf4ded7fff0f761e71239cb7 av-gridrow-cell av_one_fourth no_margin  avia-builder-el-13  el_before_av_cell_one_fourth  avia-builder-el-first  content-align-top av-zero-padding'  ><div class='flex_cell_inner'><\/div><\/div>\n<style type=\"text\/css\" data-created_by=\"avia_inline_auto\" id=\"style-css-av-n7qzl-a2d499c680ec217cb4b808f0503358b2\">\n.flex_cell.av-n7qzl-a2d499c680ec217cb4b808f0503358b2{\nvertical-align:top;\nheight:15px;\nmin-height:15px;\nbackground-color:#5b877e;\n}\n.responsive #top #wrap_all .flex_cell.av-n7qzl-a2d499c680ec217cb4b808f0503358b2{\npadding:0px 0px 0px 0px !important;\n}\n<\/style>\n<div class='flex_cell av-n7qzl-a2d499c680ec217cb4b808f0503358b2 av-gridrow-cell av_one_fourth no_margin  avia-builder-el-14  el_after_av_cell_one_fourth  el_before_av_cell_one_fourth  content-align-top av-zero-padding'  ><div class='flex_cell_inner'><\/div><\/div>\n<style type=\"text\/css\" data-created_by=\"avia_inline_auto\" id=\"style-css-av-1ofq1-699da87f53c3aa548693525b14019cdc\">\n.flex_cell.av-1ofq1-699da87f53c3aa548693525b14019cdc{\nvertical-align:top;\nheight:15px;\nmin-height:15px;\nbackground-color:#679a8d;\n}\n.responsive #top #wrap_all .flex_cell.av-1ofq1-699da87f53c3aa548693525b14019cdc{\npadding:0px 0px 0px 0px !important;\n}\n<\/style>\n<div class='flex_cell av-1ofq1-699da87f53c3aa548693525b14019cdc av-gridrow-cell av_one_fourth no_margin  avia-builder-el-15  el_after_av_cell_one_fourth  el_before_av_cell_one_fourth  content-align-top av-zero-padding'  ><div class='flex_cell_inner'><\/div><\/div>\n<style type=\"text\/css\" data-created_by=\"avia_inline_auto\" id=\"style-css-av-7e06p-f98eb9445b0c8e0e5a0c65400353eb9a\">\n.flex_cell.av-7e06p-f98eb9445b0c8e0e5a0c65400353eb9a{\nvertical-align:top;\nheight:15px;\nmin-height:15px;\nbackground-color:#92aea7;\n}\n.responsive #top #wrap_all .flex_cell.av-7e06p-f98eb9445b0c8e0e5a0c65400353eb9a{\npadding:0px 0px 0px 0px !important;\n}\n<\/style>\n<div class='flex_cell av-7e06p-f98eb9445b0c8e0e5a0c65400353eb9a av-gridrow-cell av_one_fourth no_margin  avia-builder-el-16  el_after_av_cell_one_fourth  avia-builder-el-last  content-align-top av-zero-padding'  ><div class='flex_cell_inner'><\/div><\/div>\n<\/div><\/p>\n","protected":false},"excerpt":{"rendered":"","protected":false},"author":1,"featured_media":0,"parent":0,"menu_order":0,"comment_status":"closed","ping_status":"closed","template":"","meta":{"footnotes":""},"class_list":["post-1895","page","type-page","status-publish","hentry"],"_links":{"self":[{"href":"https:\/\/www.getech.it\/de\/wp-json\/wp\/v2\/pages\/1895","targetHints":{"allow":["GET"]}}],"collection":[{"href":"https:\/\/www.getech.it\/de\/wp-json\/wp\/v2\/pages"}],"about":[{"href":"https:\/\/www.getech.it\/de\/wp-json\/wp\/v2\/types\/page"}],"author":[{"embeddable":true,"href":"https:\/\/www.getech.it\/de\/wp-json\/wp\/v2\/users\/1"}],"replies":[{"embeddable":true,"href":"https:\/\/www.getech.it\/de\/wp-json\/wp\/v2\/comments?post=1895"}],"version-history":[{"count":3,"href":"https:\/\/www.getech.it\/de\/wp-json\/wp\/v2\/pages\/1895\/revisions"}],"predecessor-version":[{"id":1907,"href":"https:\/\/www.getech.it\/de\/wp-json\/wp\/v2\/pages\/1895\/revisions\/1907"}],"wp:attachment":[{"href":"https:\/\/www.getech.it\/de\/wp-json\/wp\/v2\/media?parent=1895"}],"curies":[{"name":"wp","href":"https:\/\/api.w.org\/{rel}","templated":true}]}}