{"id":1892,"date":"2022-07-06T19:11:34","date_gmt":"2022-07-06T17:11:34","guid":{"rendered":"https:\/\/www.getech.it\/ueberarbeitung\/"},"modified":"2022-07-22T19:29:16","modified_gmt":"2022-07-22T17:29:16","slug":"ueberarbeitung","status":"publish","type":"page","link":"https:\/\/www.getech.it\/de\/ueberarbeitung\/","title":{"rendered":"\u00dcBERARBEITUNG"},"content":{"rendered":"<div id='av-layout-grid-1'  class='av-layout-grid-container av-c3v1g-34e2fec5e07c0871782b9e6248ce7a02 entry-content-wrapper main_color av-fixed-cells  avia-builder-el-0  el_before_av_layout_row  avia-builder-el-first   container_wrap fullsize'  >\n\n<style type=\"text\/css\" data-created_by=\"avia_inline_auto\" id=\"style-css-av-38cow4-483f65491eddbc6091c3ed21206ec1a9\">\n.flex_cell.av-38cow4-483f65491eddbc6091c3ed21206ec1a9{\nvertical-align:top;\nheight:15px;\nmin-height:15px;\nbackground-color:#487169;\n}\n.responsive #top #wrap_all .flex_cell.av-38cow4-483f65491eddbc6091c3ed21206ec1a9{\npadding:0px 0px 0px 0px !important;\n}\n<\/style>\n<div class='flex_cell av-38cow4-483f65491eddbc6091c3ed21206ec1a9 av-gridrow-cell av_one_fourth no_margin  avia-builder-el-1  el_before_av_cell_one_fourth  avia-builder-el-first  content-align-top av-zero-padding'  ><div class='flex_cell_inner'><\/div><\/div>\n<style type=\"text\/css\" data-created_by=\"avia_inline_auto\" id=\"style-css-av-31wcp0-89994044ecc32f52e370c8b2bbde2031\">\n.flex_cell.av-31wcp0-89994044ecc32f52e370c8b2bbde2031{\nvertical-align:top;\nheight:15px;\nmin-height:15px;\nbackground-color:#5b877e;\n}\n.responsive #top #wrap_all .flex_cell.av-31wcp0-89994044ecc32f52e370c8b2bbde2031{\npadding:0px 0px 0px 0px !important;\n}\n<\/style>\n<div class='flex_cell av-31wcp0-89994044ecc32f52e370c8b2bbde2031 av-gridrow-cell av_one_fourth no_margin  avia-builder-el-2  el_after_av_cell_one_fourth  el_before_av_cell_one_fourth  content-align-top av-zero-padding'  ><div class='flex_cell_inner'><\/div><\/div>\n<style type=\"text\/css\" data-created_by=\"avia_inline_auto\" id=\"style-css-av-2xsnkc-1fe7ed28161b7413893c0b43df604247\">\n.flex_cell.av-2xsnkc-1fe7ed28161b7413893c0b43df604247{\nvertical-align:top;\nheight:15px;\nmin-height:15px;\nbackground-color:#679a8d;\n}\n.responsive #top #wrap_all .flex_cell.av-2xsnkc-1fe7ed28161b7413893c0b43df604247{\npadding:0px 0px 0px 0px !important;\n}\n<\/style>\n<div class='flex_cell av-2xsnkc-1fe7ed28161b7413893c0b43df604247 av-gridrow-cell av_one_fourth no_margin  avia-builder-el-3  el_after_av_cell_one_fourth  el_before_av_cell_one_fourth  content-align-top av-zero-padding'  ><div class='flex_cell_inner'><\/div><\/div>\n<style type=\"text\/css\" data-created_by=\"avia_inline_auto\" id=\"style-css-av-2sclp0-bad093e65471694cb964ada455c0d8e8\">\n.flex_cell.av-2sclp0-bad093e65471694cb964ada455c0d8e8{\nvertical-align:top;\nheight:15px;\nmin-height:15px;\nbackground-color:#92aea7;\n}\n.responsive #top #wrap_all .flex_cell.av-2sclp0-bad093e65471694cb964ada455c0d8e8{\npadding:0px 0px 0px 0px !important;\n}\n<\/style>\n<div class='flex_cell av-2sclp0-bad093e65471694cb964ada455c0d8e8 av-gridrow-cell av_one_fourth no_margin  avia-builder-el-4  el_after_av_cell_one_fourth  avia-builder-el-last  content-align-top av-zero-padding'  ><div class='flex_cell_inner'><\/div><\/div>\n<\/div>\n<div id='features'  class='av-layout-grid-container av-2kp6kk-e4e0c3c5d925fde42895521921d97469 entry-content-wrapper main_color av-flex-cells  avia-builder-el-5  el_after_av_layout_row  el_before_av_layout_row  grid-row-not-first  container_wrap fullsize'  >\n\n<style type=\"text\/css\" data-created_by=\"avia_inline_auto\" id=\"style-css-av-2eox2s-ee887ce87e1fb007561a148948bbbfea\">\n.flex_cell.av-2eox2s-ee887ce87e1fb007561a148948bbbfea{\nvertical-align:middle;\nheight:250px;\nmin-height:250px;\nbackground-color:#0e5d5b;\n}\n.responsive #top #wrap_all .flex_cell.av-2eox2s-ee887ce87e1fb007561a148948bbbfea{\npadding:0px 0px 0px 0px !important;\n}\n<\/style>\n<div class='flex_cell av-2eox2s-ee887ce87e1fb007561a148948bbbfea av-gridrow-cell av_one_half no_margin  avia-builder-el-6  el_before_av_cell_one_half  avia-builder-el-first  content-align-middle av-zero-padding avia-full-stretch'  ><div class='flex_cell_inner'>\n<style type=\"text\/css\" data-created_by=\"avia_inline_auto\" id=\"style-css-av-2a2cxo-29dcc3127b1ae0b57f686983cd66e1ad\">\n\n@media only screen and (min-width: 768px) and (max-width: 989px){ \n#top #wrap_all .avia-slideshow .av-slideshow-caption.av-2a2cxo-29dcc3127b1ae0b57f686983cd66e1ad__0 .avia-caption-title{\nfont-size:28px;\n}\n}\n<\/style>\n<div  class='avia-slideshow av-2a2cxo-29dcc3127b1ae0b57f686983cd66e1ad avia-slideshow-featured_large av_slideshow avia-fade-slider  avia-builder-el-7  avia-builder-el-no-sibling  av-slideshow-ui av-control-default av-slideshow-autoplay av-loop-endless av-loop-manual-endless av-default-height-applied avia-slideshow-1' data-slideshow-options=\"{&quot;animation&quot;:&quot;fade&quot;,&quot;autoplay&quot;:true,&quot;loop_autoplay&quot;:&quot;endless&quot;,&quot;interval&quot;:3,&quot;loop_manual&quot;:&quot;manual-endless&quot;,&quot;autoplay_stopper&quot;:false,&quot;noNavigation&quot;:false,&quot;bg_slider&quot;:false,&quot;keep_padding&quot;:false,&quot;hoverpause&quot;:false,&quot;show_slide_delay&quot;:0}\"  itemprop=\"image\" itemscope=\"itemscope\" itemtype=\"https:\/\/schema.org\/ImageObject\" ><ul class='avia-slideshow-inner ' style='padding-bottom: 56.25%;'><li  class='avia-slideshow-slide av-2a2cxo-29dcc3127b1ae0b57f686983cd66e1ad__0  slide-1 slide-odd'><div data-rel='slideshow-1' class='avia-slide-wrap '   ><div class='av-slideshow-caption av-2a2cxo-29dcc3127b1ae0b57f686983cd66e1ad__0 avia-caption'><div class=\"avia-inner-caption\"><h2 class='avia-caption-title '  itemprop=\"name\" >Gebrauchte Dekanterzentrifuge<\/h2><\/div><\/div><img decoding=\"async\" fetchpriority=\"high\" class=\"wp-image-1806 avia-img-lazy-loading-not-1806\"  src=\"https:\/\/www.getech.it\/wp-content\/uploads\/2021\/07\/DECANTER_USATO.jpg\" width=\"800\" height=\"450\" title='DECANTER_USATO' alt=''  itemprop=\"thumbnailUrl\" srcset=\"https:\/\/www.getech.it\/wp-content\/uploads\/2021\/07\/DECANTER_USATO.jpg 800w, https:\/\/www.getech.it\/wp-content\/uploads\/2021\/07\/DECANTER_USATO-300x169.jpg 300w, https:\/\/www.getech.it\/wp-content\/uploads\/2021\/07\/DECANTER_USATO-768x432.jpg 768w, https:\/\/www.getech.it\/wp-content\/uploads\/2021\/07\/DECANTER_USATO-705x397.jpg 705w\" sizes=\"(max-width: 800px) 100vw, 800px\" \/><\/div><\/li><li  class='avia-slideshow-slide av-2a2cxo-29dcc3127b1ae0b57f686983cd66e1ad__1  slide-2 slide-even'><div data-rel='slideshow-1' class='avia-slide-wrap '   ><div class='av-slideshow-caption av-2a2cxo-29dcc3127b1ae0b57f686983cd66e1ad__1 avia-caption'><div class=\"avia-inner-caption\"><h2 class='avia-caption-title '  itemprop=\"name\" >Erneuerte Dekanterzentrifuge<\/h2><\/div><\/div><img decoding=\"async\" fetchpriority=\"high\" class=\"wp-image-1812 avia-img-lazy-loading-not-1812\"  src=\"https:\/\/www.getech.it\/wp-content\/uploads\/2021\/07\/DECANTER_RIGENERATO.jpg\" width=\"800\" height=\"450\" title='DECANTER_RIGENERATO' alt=''  itemprop=\"thumbnailUrl\" srcset=\"https:\/\/www.getech.it\/wp-content\/uploads\/2021\/07\/DECANTER_RIGENERATO.jpg 800w, https:\/\/www.getech.it\/wp-content\/uploads\/2021\/07\/DECANTER_RIGENERATO-300x169.jpg 300w, https:\/\/www.getech.it\/wp-content\/uploads\/2021\/07\/DECANTER_RIGENERATO-768x432.jpg 768w, https:\/\/www.getech.it\/wp-content\/uploads\/2021\/07\/DECANTER_RIGENERATO-705x397.jpg 705w\" sizes=\"(max-width: 800px) 100vw, 800px\" \/><\/div><\/li><\/ul><div class='avia-slideshow-arrows avia-slideshow-controls' ><a href='#prev' class='prev-slide  avia-svg-icon avia-font-svg_entypo-fontello' data-av_svg_icon='left-open-big' data-av_iconset='svg_entypo-fontello' tabindex='-1' title=\"Zur\u00fcck\"><svg version=\"1.1\" xmlns=\"http:\/\/www.w3.org\/2000\/svg\" width=\"15\" height=\"32\" viewBox=\"0 0 15 32\" preserveAspectRatio=\"xMidYMid meet\" aria-labelledby='av-svg-title-1' aria-describedby='av-svg-desc-1' role=\"graphics-symbol\" aria-hidden=\"true\">\n<title id='av-svg-title-1'>Zur\u00fcck<\/title>\n<desc id='av-svg-desc-1'>Zur\u00fcck<\/desc>\n<path d=\"M14.464 27.84q0.832 0.832 0 1.536-0.832 0.832-1.536 0l-12.544-12.608q-0.768-0.768 0-1.6l12.544-12.608q0.704-0.832 1.536 0 0.832 0.704 0 1.536l-11.456 11.904z\"><\/path>\n<\/svg><span class='avia_hidden_link_text'>Zur\u00fcck<\/span><\/a><a href='#next' class='next-slide  avia-svg-icon avia-font-svg_entypo-fontello' data-av_svg_icon='right-open-big' data-av_iconset='svg_entypo-fontello' tabindex='-1' title=\"Weiter\"><svg version=\"1.1\" xmlns=\"http:\/\/www.w3.org\/2000\/svg\" width=\"15\" height=\"32\" viewBox=\"0 0 15 32\" preserveAspectRatio=\"xMidYMid meet\" aria-labelledby='av-svg-title-2' aria-describedby='av-svg-desc-2' role=\"graphics-symbol\" aria-hidden=\"true\">\n<title id='av-svg-title-2'>Weiter<\/title>\n<desc id='av-svg-desc-2'>Weiter<\/desc>\n<path d=\"M0.416 27.84l11.456-11.84-11.456-11.904q-0.832-0.832 0-1.536 0.832-0.832 1.536 0l12.544 12.608q0.768 0.832 0 1.6l-12.544 12.608q-0.704 0.832-1.536 0-0.832-0.704 0-1.536z\"><\/path>\n<\/svg><span class='avia_hidden_link_text'>Weiter<\/span><\/a><\/div><div class='avia-slideshow-dots avia-slideshow-controls'><a href='#1' class='goto-slide active' >1<\/a><a href='#2' class='goto-slide ' >2<\/a><\/div><\/div>\n<\/div><\/div>\n<style type=\"text\/css\" data-created_by=\"avia_inline_auto\" id=\"style-css-av-1rgr84-d6f38694668f96837c4ca1be3911e884\">\n.flex_cell.av-1rgr84-d6f38694668f96837c4ca1be3911e884{\nvertical-align:middle;\nheight:250px;\nmin-height:250px;\nbackground-color:#0e5d5b;\n}\n.responsive #top #wrap_all .flex_cell.av-1rgr84-d6f38694668f96837c4ca1be3911e884{\npadding:80px 80px 80px 80px !important;\n}\n<\/style>\n<div class='flex_cell av-1rgr84-d6f38694668f96837c4ca1be3911e884 av-gridrow-cell av_one_half no_margin  avia-builder-el-8  el_after_av_cell_one_half  avia-builder-el-last  content-align-middle'  ><div class='flex_cell_inner'>\n<style type=\"text\/css\" data-created_by=\"avia_inline_auto\" id=\"style-css-av-1i72vo-f5796d642212aad1e7a6d2cf8cc517fd\">\n.flex_column.av-1i72vo-f5796d642212aad1e7a6d2cf8cc517fd{\nborder-radius:0px 0px 0px 0px;\npadding:0px 0px 0px 0px;\n}\n<\/style>\n<div  class='flex_column av-1i72vo-f5796d642212aad1e7a6d2cf8cc517fd av_one_full  avia-builder-el-9  avia-builder-el-no-sibling  first flex_column_div av-animated-generic right-to-left av-zero-column-padding  '     ><p>\n<style type=\"text\/css\" data-created_by=\"avia_inline_auto\" id=\"style-css-av-1eu5hg-b50e93fb6c56561117390d17c27cde7a\">\n#top .av-special-heading.av-1eu5hg-b50e93fb6c56561117390d17c27cde7a{\npadding-bottom:0;\ncolor:#ffffff;\nfont-size:40px;\n}\nbody .av-special-heading.av-1eu5hg-b50e93fb6c56561117390d17c27cde7a .av-special-heading-tag .heading-char{\nfont-size:25px;\n}\n#top #wrap_all .av-special-heading.av-1eu5hg-b50e93fb6c56561117390d17c27cde7a .av-special-heading-tag{\nfont-size:40px;\n}\n.av-special-heading.av-1eu5hg-b50e93fb6c56561117390d17c27cde7a .special-heading-inner-border{\nborder-color:#ffffff;\n}\n.av-special-heading.av-1eu5hg-b50e93fb6c56561117390d17c27cde7a .av-subheading{\nfont-size:15px;\n}\n\n@media only screen and (min-width: 480px) and (max-width: 767px){ \n#top #wrap_all .av-special-heading.av-1eu5hg-b50e93fb6c56561117390d17c27cde7a .av-special-heading-tag{\nfont-size:0.8em;\n}\n}\n\n@media only screen and (max-width: 479px){ \n#top #wrap_all .av-special-heading.av-1eu5hg-b50e93fb6c56561117390d17c27cde7a .av-special-heading-tag{\nfont-size:0.8em;\n}\n}\n<\/style>\n<div  class='av-special-heading av-1eu5hg-b50e93fb6c56561117390d17c27cde7a av-special-heading-h3 custom-color-heading blockquote modern-quote  avia-builder-el-10  el_before_av_hr  avia-builder-el-first  av-inherit-size'><h3 class='av-special-heading-tag '  itemprop=\"headline\"  >\u00dcBERARBEITUNG<\/h3><div class=\"special-heading-border\"><div class=\"special-heading-inner-border\"><\/div><\/div><\/div><br \/>\n\n<style type=\"text\/css\" data-created_by=\"avia_inline_auto\" id=\"style-css-av-17smxw-514640a0627f5b7078074890d43a9b95\">\n#top .hr.av-17smxw-514640a0627f5b7078074890d43a9b95{\nmargin-top:30px;\nmargin-bottom:30px;\n}\n.hr.av-17smxw-514640a0627f5b7078074890d43a9b95 .hr-inner{\nwidth:50px;\nborder-color:#ffffff;\n}\n<\/style>\n<div  class='hr av-17smxw-514640a0627f5b7078074890d43a9b95 hr-custom  avia-builder-el-11  el_after_av_heading  el_before_av_textblock  hr-left hr-icon-no'><span class='hr-inner inner-border-av-border-fat'><span class=\"hr-inner-style\"><\/span><\/span><\/div><br \/>\n\n<style type=\"text\/css\" data-created_by=\"avia_inline_auto\" id=\"style-css-av-3s8rw-51de12d0e8908ebc49867df36c89dc83\">\n#top .av_textblock_section.av-3s8rw-51de12d0e8908ebc49867df36c89dc83 .avia_textblock{\ncolor:#ffffff;\n}\n<\/style>\n<section  class='av_textblock_section av-3s8rw-51de12d0e8908ebc49867df36c89dc83 '   itemscope=\"itemscope\" itemtype=\"https:\/\/schema.org\/CreativeWork\" ><div class='avia_textblock av_inherit_color'  itemprop=\"text\" ><p>Dank der soliden Konstruktion und auch nach Jahren kontinuierlichen Betriebs, ist es m\u00f6glich, die GHT-Dekanterzentrifuge zu erneuern. Die gegossenen Teile werden \u00fcberarbeitet und die elektronischen und mechanischen Komponenten auf die aktuellen Standards verbessert.\u00a0Dies stellt einen gro\u00dfen Vorteil f\u00fcr den Benutzer dar, der dieser nicht gen\u00f6tigt sein wird, die Kosten einer neuen Dekanterzentrifuge tragen zu m\u00fcssen und die Anlage komplett auszutauschen. Mit einer geringeren und g\u00fcnstigen Investition ist es m\u00f6glich, die Dekanterzentrifuge f\u00fcr viele weitere Jahre mit der Garantie eines Herstellers zu nutzen, der auf Service und langhaltige Produkte Wert legt.<\/p>\n<\/div><\/section><\/p><\/div>\n<\/div><\/div><\/div><div id='av-layout-grid-3'  class='av-layout-grid-container av-z1dek-8257a165c12085fc4040352cb1543593 entry-content-wrapper main_color av-fixed-cells  avia-builder-el-13  el_after_av_layout_row  avia-builder-el-last  grid-row-not-first  container_wrap fullsize'  >\n\n<style type=\"text\/css\" data-created_by=\"avia_inline_auto\" id=\"style-css-av-sdano-9cf3cdc0d9c4ae33ada51ac129ac2423\">\n.flex_cell.av-sdano-9cf3cdc0d9c4ae33ada51ac129ac2423{\nvertical-align:top;\nheight:15px;\nmin-height:15px;\nbackground-color:#487169;\n}\n.responsive #top #wrap_all .flex_cell.av-sdano-9cf3cdc0d9c4ae33ada51ac129ac2423{\npadding:0px 0px 0px 0px !important;\n}\n<\/style>\n<div class='flex_cell av-sdano-9cf3cdc0d9c4ae33ada51ac129ac2423 av-gridrow-cell av_one_fourth no_margin  avia-builder-el-14  el_before_av_cell_one_fourth  avia-builder-el-first  content-align-top av-zero-padding'  ><div class='flex_cell_inner'><\/div><\/div>\n<style type=\"text\/css\" data-created_by=\"avia_inline_auto\" id=\"style-css-av-kxdlg-21d22869bdb97bbde10bd6911c3f98d6\">\n.flex_cell.av-kxdlg-21d22869bdb97bbde10bd6911c3f98d6{\nvertical-align:top;\nheight:15px;\nmin-height:15px;\nbackground-color:#5b877e;\n}\n.responsive #top #wrap_all .flex_cell.av-kxdlg-21d22869bdb97bbde10bd6911c3f98d6{\npadding:0px 0px 0px 0px !important;\n}\n<\/style>\n<div class='flex_cell av-kxdlg-21d22869bdb97bbde10bd6911c3f98d6 av-gridrow-cell av_one_fourth no_margin  avia-builder-el-15  el_after_av_cell_one_fourth  el_before_av_cell_one_fourth  content-align-top av-zero-padding'  ><div class='flex_cell_inner'><\/div><\/div>\n<style type=\"text\/css\" data-created_by=\"avia_inline_auto\" id=\"style-css-av-gs0a4-7e4b3fa3b107b450399e81b722d4d53e\">\n.flex_cell.av-gs0a4-7e4b3fa3b107b450399e81b722d4d53e{\nvertical-align:top;\nheight:15px;\nmin-height:15px;\nbackground-color:#679a8d;\n}\n.responsive #top #wrap_all .flex_cell.av-gs0a4-7e4b3fa3b107b450399e81b722d4d53e{\npadding:0px 0px 0px 0px !important;\n}\n<\/style>\n<div class='flex_cell av-gs0a4-7e4b3fa3b107b450399e81b722d4d53e av-gridrow-cell av_one_fourth no_margin  avia-builder-el-16  el_after_av_cell_one_fourth  el_before_av_cell_one_fourth  content-align-top av-zero-padding'  ><div class='flex_cell_inner'><\/div><\/div>\n<style type=\"text\/css\" data-created_by=\"avia_inline_auto\" id=\"style-css-av-8vb1w-96cfb97b38b84fad51d65a4d023fec59\">\n.flex_cell.av-8vb1w-96cfb97b38b84fad51d65a4d023fec59{\nvertical-align:top;\nheight:15px;\nmin-height:15px;\nbackground-color:#92aea7;\n}\n.responsive #top #wrap_all .flex_cell.av-8vb1w-96cfb97b38b84fad51d65a4d023fec59{\npadding:0px 0px 0px 0px !important;\n}\n<\/style>\n<div class='flex_cell av-8vb1w-96cfb97b38b84fad51d65a4d023fec59 av-gridrow-cell av_one_fourth no_margin  avia-builder-el-17  el_after_av_cell_one_fourth  avia-builder-el-last  content-align-top av-zero-padding'  ><div class='flex_cell_inner'><\/div><\/div>\n<\/div><\/p>\n","protected":false},"excerpt":{"rendered":"","protected":false},"author":1,"featured_media":0,"parent":0,"menu_order":0,"comment_status":"closed","ping_status":"closed","template":"","meta":{"footnotes":""},"class_list":["post-1892","page","type-page","status-publish","hentry"],"_links":{"self":[{"href":"https:\/\/www.getech.it\/de\/wp-json\/wp\/v2\/pages\/1892","targetHints":{"allow":["GET"]}}],"collection":[{"href":"https:\/\/www.getech.it\/de\/wp-json\/wp\/v2\/pages"}],"about":[{"href":"https:\/\/www.getech.it\/de\/wp-json\/wp\/v2\/types\/page"}],"author":[{"embeddable":true,"href":"https:\/\/www.getech.it\/de\/wp-json\/wp\/v2\/users\/1"}],"replies":[{"embeddable":true,"href":"https:\/\/www.getech.it\/de\/wp-json\/wp\/v2\/comments?post=1892"}],"version-history":[{"count":5,"href":"https:\/\/www.getech.it\/de\/wp-json\/wp\/v2\/pages\/1892\/revisions"}],"predecessor-version":[{"id":1983,"href":"https:\/\/www.getech.it\/de\/wp-json\/wp\/v2\/pages\/1892\/revisions\/1983"}],"wp:attachment":[{"href":"https:\/\/www.getech.it\/de\/wp-json\/wp\/v2\/media?parent=1892"}],"curies":[{"name":"wp","href":"https:\/\/api.w.org\/{rel}","templated":true}]}}