{"id":1889,"date":"2022-07-06T19:09:10","date_gmt":"2022-07-06T17:09:10","guid":{"rendered":"https:\/\/www.getech.it\/leihgabe\/"},"modified":"2022-07-06T19:34:54","modified_gmt":"2022-07-06T17:34:54","slug":"leihgabe","status":"publish","type":"page","link":"https:\/\/www.getech.it\/de\/leihgabe\/","title":{"rendered":"LEIHGABE"},"content":{"rendered":"<div id='av-layout-grid-1'  class='av-layout-grid-container av-2fl774-3cd05f7012a642c83b9612572bd62fdb entry-content-wrapper main_color av-fixed-cells  avia-builder-el-0  el_before_av_layout_row  avia-builder-el-first   container_wrap fullsize'  >\n\n<style type=\"text\/css\" data-created_by=\"avia_inline_auto\" id=\"style-css-av-26lek8-9a81d2a4a8e06f3ee936b1dca680029f\">\n.flex_cell.av-26lek8-9a81d2a4a8e06f3ee936b1dca680029f{\nvertical-align:top;\nheight:15px;\nmin-height:15px;\nbackground-color:#487169;\n}\n.responsive #top #wrap_all .flex_cell.av-26lek8-9a81d2a4a8e06f3ee936b1dca680029f{\npadding:0px 0px 0px 0px !important;\n}\n<\/style>\n<div class='flex_cell av-26lek8-9a81d2a4a8e06f3ee936b1dca680029f av-gridrow-cell av_one_fourth no_margin  avia-builder-el-1  el_before_av_cell_one_fourth  avia-builder-el-first  content-align-top av-zero-padding'  ><div class='flex_cell_inner'><\/div><\/div>\n<style type=\"text\/css\" data-created_by=\"avia_inline_auto\" id=\"style-css-av-259tlk-e383627ee187035f81febca8f54cf451\">\n.flex_cell.av-259tlk-e383627ee187035f81febca8f54cf451{\nvertical-align:top;\nheight:15px;\nmin-height:15px;\nbackground-color:#5b877e;\n}\n.responsive #top #wrap_all .flex_cell.av-259tlk-e383627ee187035f81febca8f54cf451{\npadding:0px 0px 0px 0px !important;\n}\n<\/style>\n<div class='flex_cell av-259tlk-e383627ee187035f81febca8f54cf451 av-gridrow-cell av_one_fourth no_margin  avia-builder-el-2  el_after_av_cell_one_fourth  el_before_av_cell_one_fourth  content-align-top av-zero-padding'  ><div class='flex_cell_inner'><\/div><\/div>\n<style type=\"text\/css\" data-created_by=\"avia_inline_auto\" id=\"style-css-av-1vsce0-bcc2d1e66f31896ae57122126303b231\">\n.flex_cell.av-1vsce0-bcc2d1e66f31896ae57122126303b231{\nvertical-align:top;\nheight:15px;\nmin-height:15px;\nbackground-color:#679a8d;\n}\n.responsive #top #wrap_all .flex_cell.av-1vsce0-bcc2d1e66f31896ae57122126303b231{\npadding:0px 0px 0px 0px !important;\n}\n<\/style>\n<div class='flex_cell av-1vsce0-bcc2d1e66f31896ae57122126303b231 av-gridrow-cell av_one_fourth no_margin  avia-builder-el-3  el_after_av_cell_one_fourth  el_before_av_cell_one_fourth  content-align-top av-zero-padding'  ><div class='flex_cell_inner'><\/div><\/div>\n<style type=\"text\/css\" data-created_by=\"avia_inline_auto\" id=\"style-css-av-6av7c-2ac963c4465f607336c277182c30ae07\">\n.flex_cell.av-6av7c-2ac963c4465f607336c277182c30ae07{\nvertical-align:top;\nheight:15px;\nmin-height:15px;\nbackground-color:#92aea7;\n}\n.responsive #top #wrap_all .flex_cell.av-6av7c-2ac963c4465f607336c277182c30ae07{\npadding:0px 0px 0px 0px !important;\n}\n<\/style>\n<div class='flex_cell av-6av7c-2ac963c4465f607336c277182c30ae07 av-gridrow-cell av_one_fourth no_margin  avia-builder-el-4  el_after_av_cell_one_fourth  avia-builder-el-last  content-align-top av-zero-padding'  ><div class='flex_cell_inner'><\/div><\/div>\n<\/div>\n<div id='features'  class='av-layout-grid-container av-1kbja0-f3af38cd8729d783993ad38fd9f6bf6c entry-content-wrapper main_color av-flex-cells  avia-builder-el-5  el_after_av_layout_row  el_before_av_layout_row  grid-row-not-first  container_wrap fullsize'  >\n\n<style type=\"text\/css\" data-created_by=\"avia_inline_auto\" id=\"style-css-av-krgg974r-e2711b48cb8022642a890ae7e6d54260\">\n.flex_cell.av-krgg974r-e2711b48cb8022642a890ae7e6d54260{\nvertical-align:middle;\nheight:250px;\nmin-height:250px;\nbackground:url(https:\/\/www.getech.it\/wp-content\/uploads\/2021\/07\/getech_noleggio.jpg) 50% 50% no-repeat scroll ;\n}\n.responsive #top #wrap_all .flex_cell.av-krgg974r-e2711b48cb8022642a890ae7e6d54260{\npadding:80px 80px 80px 80px !important;\n}\n<\/style>\n<div class='flex_cell av-krgg974r-e2711b48cb8022642a890ae7e6d54260 av-gridrow-cell av_one_half no_margin  avia-builder-el-6  el_before_av_cell_one_half  avia-builder-el-first  content-align-middle avia-full-stretch'  ><div class='flex_cell_inner'><\/div><\/div>\n<style type=\"text\/css\" data-created_by=\"avia_inline_auto\" id=\"style-css-av-1ep0ds-12e933e40fd2edeb0807bff0bb1e063f\">\n.flex_cell.av-1ep0ds-12e933e40fd2edeb0807bff0bb1e063f{\nvertical-align:middle;\nheight:250px;\nmin-height:250px;\nbackground-color:#f4f4f4;\n}\n.responsive #top #wrap_all .flex_cell.av-1ep0ds-12e933e40fd2edeb0807bff0bb1e063f{\npadding:80px 80px 80px 80px !important;\n}\n<\/style>\n<div class='flex_cell av-1ep0ds-12e933e40fd2edeb0807bff0bb1e063f av-gridrow-cell av_one_half no_margin  avia-builder-el-7  el_after_av_cell_one_half  avia-builder-el-last  content-align-middle'  ><div class='flex_cell_inner'>\n<style type=\"text\/css\" data-created_by=\"avia_inline_auto\" id=\"style-css-av-17q6ag-80c5a54b490d570f3b3bf83ba2176a82\">\n.flex_column.av-17q6ag-80c5a54b490d570f3b3bf83ba2176a82{\nborder-radius:0px 0px 0px 0px;\npadding:0px 0px 0px 0px;\n}\n<\/style>\n<div  class='flex_column av-17q6ag-80c5a54b490d570f3b3bf83ba2176a82 av_one_full  avia-builder-el-8  avia-builder-el-no-sibling  first flex_column_div av-animated-generic right-to-left av-zero-column-padding  '     ><p>\n<style type=\"text\/css\" data-created_by=\"avia_inline_auto\" id=\"style-css-av-krgg7msz-e283d6a7badc6281fa68fea06ef37755\">\n#top .av-special-heading.av-krgg7msz-e283d6a7badc6281fa68fea06ef37755{\npadding-bottom:0;\nfont-size:40px;\n}\nbody .av-special-heading.av-krgg7msz-e283d6a7badc6281fa68fea06ef37755 .av-special-heading-tag .heading-char{\nfont-size:25px;\n}\n#top #wrap_all .av-special-heading.av-krgg7msz-e283d6a7badc6281fa68fea06ef37755 .av-special-heading-tag{\nfont-size:40px;\n}\n.av-special-heading.av-krgg7msz-e283d6a7badc6281fa68fea06ef37755 .av-subheading{\nfont-size:15px;\n}\n\n@media only screen and (min-width: 480px) and (max-width: 767px){ \n#top #wrap_all .av-special-heading.av-krgg7msz-e283d6a7badc6281fa68fea06ef37755 .av-special-heading-tag{\nfont-size:0.8em;\n}\n}\n\n@media only screen and (max-width: 479px){ \n#top #wrap_all .av-special-heading.av-krgg7msz-e283d6a7badc6281fa68fea06ef37755 .av-special-heading-tag{\nfont-size:0.8em;\n}\n}\n<\/style>\n<div  class='av-special-heading av-krgg7msz-e283d6a7badc6281fa68fea06ef37755 av-special-heading-h3 custom-color-heading blockquote modern-quote  avia-builder-el-9  el_before_av_hr  avia-builder-el-first  av-inherit-size'><h3 class='av-special-heading-tag '  itemprop=\"headline\"  >LEIHGABE<\/h3><div class=\"special-heading-border\"><div class=\"special-heading-inner-border\"><\/div><\/div><\/div><br \/>\n\n<style type=\"text\/css\" data-created_by=\"avia_inline_auto\" id=\"style-css-av-151mzc-15ac49d802fb4fb18326a8b837ecf08e\">\n#top .hr.av-151mzc-15ac49d802fb4fb18326a8b837ecf08e{\nmargin-top:30px;\nmargin-bottom:30px;\n}\n.hr.av-151mzc-15ac49d802fb4fb18326a8b837ecf08e .hr-inner{\nwidth:50px;\n}\n<\/style>\n<div  class='hr av-151mzc-15ac49d802fb4fb18326a8b837ecf08e hr-custom  avia-builder-el-10  el_after_av_heading  el_before_av_textblock  hr-left hr-icon-no'><span class='hr-inner inner-border-av-border-fat'><span class=\"hr-inner-style\"><\/span><\/span><\/div><br \/>\n<section  class='av_textblock_section av-krgg8dz5-4b10f56d9ad13e7a808c2e67f6ee4050 '   itemscope=\"itemscope\" itemtype=\"https:\/\/schema.org\/CreativeWork\" ><div class='avia_textblock'  itemprop=\"text\" ><p>Wir k\u00f6nnen Ausr\u00fcstung ausleihen und Demonstrationstests mit Zentrifugalsystemen mit allen Komponenten zur Funktionsf\u00e4higkeit durchf\u00fchren. Sie k\u00f6nnen verschiedene Kapazit\u00e4ten erreichen. Aktuell sind verschiedene Anlagen in Industriecontainern in verschiedenen Abmessungen verf\u00fcgbar (10`, -20`, -40`).<\/p>\n<p>Kontaktieren Sie bitte die Vertriebsabteilung f\u00fcr weitere Informationen.<\/p>\n<\/div><\/section><\/p><\/div>\n<\/div><\/div><\/div><div id='av-layout-grid-3'  class='av-layout-grid-container av-vif9s-ee24222027bb75910f1c39c097fcb5f3 entry-content-wrapper main_color av-fixed-cells  avia-builder-el-12  el_after_av_layout_row  avia-builder-el-last  grid-row-not-first  container_wrap fullsize'  >\n\n<style type=\"text\/css\" data-created_by=\"avia_inline_auto\" id=\"style-css-av-qy3dk-1a6d3661f6c13e2a6bb52884d46a4209\">\n.flex_cell.av-qy3dk-1a6d3661f6c13e2a6bb52884d46a4209{\nvertical-align:top;\nheight:15px;\nmin-height:15px;\nbackground-color:#487169;\n}\n.responsive #top #wrap_all .flex_cell.av-qy3dk-1a6d3661f6c13e2a6bb52884d46a4209{\npadding:0px 0px 0px 0px !important;\n}\n<\/style>\n<div class='flex_cell av-qy3dk-1a6d3661f6c13e2a6bb52884d46a4209 av-gridrow-cell av_one_fourth no_margin  avia-builder-el-13  el_before_av_cell_one_fourth  avia-builder-el-first  content-align-top av-zero-padding'  ><div class='flex_cell_inner'><\/div><\/div>\n<style type=\"text\/css\" data-created_by=\"avia_inline_auto\" id=\"style-css-av-k0i1c-c462b67ac4f51378cd9464f6b72b197f\">\n.flex_cell.av-k0i1c-c462b67ac4f51378cd9464f6b72b197f{\nvertical-align:top;\nheight:15px;\nmin-height:15px;\nbackground-color:#5b877e;\n}\n.responsive #top #wrap_all .flex_cell.av-k0i1c-c462b67ac4f51378cd9464f6b72b197f{\npadding:0px 0px 0px 0px !important;\n}\n<\/style>\n<div class='flex_cell av-k0i1c-c462b67ac4f51378cd9464f6b72b197f av-gridrow-cell av_one_fourth no_margin  avia-builder-el-14  el_after_av_cell_one_fourth  el_before_av_cell_one_fourth  content-align-top av-zero-padding'  ><div class='flex_cell_inner'><\/div><\/div>\n<style type=\"text\/css\" data-created_by=\"avia_inline_auto\" id=\"style-css-av-dp9hc-04dbbc1abb65ebc06d1a789750fed7ed\">\n.flex_cell.av-dp9hc-04dbbc1abb65ebc06d1a789750fed7ed{\nvertical-align:top;\nheight:15px;\nmin-height:15px;\nbackground-color:#679a8d;\n}\n.responsive #top #wrap_all .flex_cell.av-dp9hc-04dbbc1abb65ebc06d1a789750fed7ed{\npadding:0px 0px 0px 0px !important;\n}\n<\/style>\n<div class='flex_cell av-dp9hc-04dbbc1abb65ebc06d1a789750fed7ed av-gridrow-cell av_one_fourth no_margin  avia-builder-el-15  el_after_av_cell_one_fourth  el_before_av_cell_one_fourth  content-align-top av-zero-padding'  ><div class='flex_cell_inner'><\/div><\/div>\n<style type=\"text\/css\" data-created_by=\"avia_inline_auto\" id=\"style-css-av-87xbc-8595b433f49ff10bec8e995208c5d3cc\">\n.flex_cell.av-87xbc-8595b433f49ff10bec8e995208c5d3cc{\nvertical-align:top;\nheight:15px;\nmin-height:15px;\nbackground-color:#92aea7;\n}\n.responsive #top #wrap_all .flex_cell.av-87xbc-8595b433f49ff10bec8e995208c5d3cc{\npadding:0px 0px 0px 0px !important;\n}\n<\/style>\n<div class='flex_cell av-87xbc-8595b433f49ff10bec8e995208c5d3cc av-gridrow-cell av_one_fourth no_margin  avia-builder-el-16  el_after_av_cell_one_fourth  avia-builder-el-last  content-align-top av-zero-padding'  ><div class='flex_cell_inner'><\/div><\/div>\n<\/div><\/p>\n","protected":false},"excerpt":{"rendered":"","protected":false},"author":1,"featured_media":0,"parent":0,"menu_order":0,"comment_status":"closed","ping_status":"closed","template":"","meta":{"footnotes":""},"class_list":["post-1889","page","type-page","status-publish","hentry"],"_links":{"self":[{"href":"https:\/\/www.getech.it\/de\/wp-json\/wp\/v2\/pages\/1889","targetHints":{"allow":["GET"]}}],"collection":[{"href":"https:\/\/www.getech.it\/de\/wp-json\/wp\/v2\/pages"}],"about":[{"href":"https:\/\/www.getech.it\/de\/wp-json\/wp\/v2\/types\/page"}],"author":[{"embeddable":true,"href":"https:\/\/www.getech.it\/de\/wp-json\/wp\/v2\/users\/1"}],"replies":[{"embeddable":true,"href":"https:\/\/www.getech.it\/de\/wp-json\/wp\/v2\/comments?post=1889"}],"version-history":[{"count":3,"href":"https:\/\/www.getech.it\/de\/wp-json\/wp\/v2\/pages\/1889\/revisions"}],"predecessor-version":[{"id":1912,"href":"https:\/\/www.getech.it\/de\/wp-json\/wp\/v2\/pages\/1889\/revisions\/1912"}],"wp:attachment":[{"href":"https:\/\/www.getech.it\/de\/wp-json\/wp\/v2\/media?parent=1889"}],"curies":[{"name":"wp","href":"https:\/\/api.w.org\/{rel}","templated":true}]}}